{"id":4368,"date":"2023-04-15T00:23:56","date_gmt":"2023-04-15T03:23:56","guid":{"rendered":"https:\/\/ccgdistribuidora.com\/?post_type=product&#038;p=4368"},"modified":"2024-09-25T22:31:30","modified_gmt":"2024-09-26T01:31:30","slug":"exiline-argan-bano-de-crema-hidratacion-mascara-pelo-200ml","status":"publish","type":"product","link":"https:\/\/ccgdistribuidora.com\/index.php\/product\/exiline-argan-bano-de-crema-hidratacion-mascara-pelo-200ml\/","title":{"rendered":"Exiline Arg\u00e1n Ba\u00f1o De Crema Hidrataci\u00f3n Mascara Pelo 200ml"},"content":{"rendered":"<div id=\"technical_specifications\" class=\"ui-pdp-container__row ui-pdp-container__row--technical-specifications\">\n<div class=\"ui-pdp-specs\">\n<h2 class=\"ui-pdp-specs__title\">Caracter\u00edsticas principales<\/h2>\n<div class=\"ui-pdp-specs__table\">\n<table class=\"andes-table\">\n<tbody class=\"andes-table__body\">\n<tr class=\"andes-table__row\">\n<th class=\"andes-table__header andes-table__header--left ui-pdp-specs__table__column ui-pdp-specs__table__column-title\">Marca<\/th>\n<td class=\"andes-table__column andes-table__column--left ui-pdp-specs__table__column\"><span class=\"andes-table__column--value\">Exiline<\/span><\/td>\n<\/tr>\n<tr class=\"andes-table__row\">\n<th class=\"andes-table__header andes-table__header--left ui-pdp-specs__table__column ui-pdp-specs__table__column-title\">L\u00ednea<\/th>\n<td class=\"andes-table__column andes-table__column--left ui-pdp-specs__table__column\"><span class=\"andes-table__column--value\">Arg\u00e1n<\/span><\/td>\n<\/tr>\n<tr class=\"andes-table__row\">\n<th class=\"andes-table__header andes-table__header--left ui-pdp-specs__table__column ui-pdp-specs__table__column-title\">Tipo de producto<\/th>\n<td class=\"andes-table__column andes-table__column--left ui-pdp-specs__table__column\"><span class=\"andes-table__column--value\">Ba\u00f1o de crema<\/span><\/td>\n<\/tr>\n<tr class=\"andes-table__row\">\n<th class=\"andes-table__header andes-table__header--left ui-pdp-specs__table__column ui-pdp-specs__table__column-title\">Es kit<\/th>\n<td class=\"andes-table__column andes-table__column--left ui-pdp-specs__table__column\"><span class=\"andes-table__column--value\">No<\/span><\/td>\n<\/tr>\n<tr class=\"andes-table__row\">\n<th class=\"andes-table__header andes-table__header--left ui-pdp-specs__table__column ui-pdp-specs__table__column-title\">Unidades por envase<\/th>\n<td class=\"andes-table__column andes-table__column--left ui-pdp-specs__table__column\"><span class=\"andes-table__column--value\">1<\/span><\/td>\n<\/tr>\n<tr class=\"andes-table__row\">\n<th class=\"andes-table__header andes-table__header--left ui-pdp-specs__table__column ui-pdp-specs__table__column-title\">Formato de venta<\/th>\n<td class=\"andes-table__column andes-table__column--left ui-pdp-specs__table__column\"><span class=\"andes-table__column--value\">Unidad<\/span><\/td>\n<\/tr>\n<tr class=\"andes-table__row\">\n<th class=\"andes-table__header andes-table__header--left ui-pdp-specs__table__column ui-pdp-specs__table__column-title\">Volumen neto<\/th>\n<td class=\"andes-table__column andes-table__column--left ui-pdp-specs__table__column\"><span class=\"andes-table__column--value\">200 mL<\/span><\/td>\n<\/tr>\n<\/tbody>\n<\/table>\n<p>&nbsp;<\/p>\n<\/div>\n<div class=\"ui-pdp-specs-groups-collapsable ui-pdp-specs ui-pdp-specs-groups-collapsable--is-collapsed\"><span class=\"ui-pdp-specs__action\" tabindex=\"-1\" title=\"Ver m\u00e1s caracter\u00edsticas\" role=\"button\">Ver m\u00e1s caracter\u00edsticas<\/span><\/div>\n<\/div>\n<\/div>\n<div id=\"description\" class=\"ui-pdp-container__row ui-pdp-container__row--description\">\n<div class=\"ui-pdp-description\">\n<h2 class=\"ui-pdp-description__title\">Descripci\u00f3n<\/h2>\n<p class=\"ui-pdp-description__content\">EXILINE ARG\u00c1N BA\u00d1O DE CREMA HIDRATACION 200ML<br \/>\nM\u00e1scara Hidratante<\/p>\n<p>Exiline Arg\u00e1n Ba\u00f1o De Crema aporta suavidad y brillo al cabello, facilitando el peinado y reduciendo la est\u00e1tica. Por su aporte sustancial de ciste\u00edna, es particularmente valiosa en la reparaci\u00f3n de cabellos secos que han sufrido procesos qu\u00edmicos.<\/p>\n<p>-MODO DE USO-<br \/>\nLuego de lavar el cabello con Shampoo, aplicar el ba\u00f1o de crema con un suave masaje de medios a puntas del cabello. Dejar actuar de 5 a 10 minutos dependiendo del estado del cabello. Enjuagar con abundante agua.<\/p>\n<\/div>\n<\/div>\n","protected":false},"excerpt":{"rendered":"<p>Caracter\u00edsticas principales Marca Exiline L\u00ednea Arg\u00e1n Tipo de producto Ba\u00f1o de crema Es kit No Unidades por envase 1 Formato de venta Unidad Volumen neto 200 mL &nbsp; Ver m\u00e1s caracter\u00edsticas Descripci\u00f3n EXILINE ARG\u00c1N BA\u00d1O DE CREMA HIDRATACION 200ML M\u00e1scara Hidratante Exiline Arg\u00e1n Ba\u00f1o De Crema aporta suavidad y brillo al cabello, facilitando el peinado y reduciendo la est\u00e1tica. Por su aporte sustancial de ciste\u00edna, es particularmente valiosa en la reparaci\u00f3n de cabellos secos que han sufrido procesos qu\u00edmicos. -MODO DE USO- Luego de lavar el cabello con Shampoo, aplicar el ba\u00f1o de crema con un suave masaje de medios\u2026<\/p>\n","protected":false},"featured_media":4369,"comment_status":"open","ping_status":"closed","template":"","meta":[],"product_cat":[222,265,206],"product_tag":[365,366,368,367,357,369,370,214],"featured_image_urls":{"full":["https:\/\/ccgdistribuidora.com\/wp-content\/uploads\/2023\/04\/BANO-DE-CREMA-ARGAN.jpg",700,700,false],"thumbnail":["https:\/\/ccgdistribuidora.com\/wp-content\/uploads\/2023\/04\/BANO-DE-CREMA-ARGAN-150x150.jpg",150,150,true],"medium":["https:\/\/ccgdistribuidora.com\/wp-content\/uploads\/2023\/04\/BANO-DE-CREMA-ARGAN-300x300.jpg",300,300,true],"medium_large":["https:\/\/ccgdistribuidora.com\/wp-content\/uploads\/2023\/04\/BANO-DE-CREMA-ARGAN.jpg",700,700,false],"large":["https:\/\/ccgdistribuidora.com\/wp-content\/uploads\/2023\/04\/BANO-DE-CREMA-ARGAN.jpg",700,700,false],"1536x1536":["https:\/\/ccgdistribuidora.com\/wp-content\/uploads\/2023\/04\/BANO-DE-CREMA-ARGAN.jpg",700,700,false],"2048x2048":["https:\/\/ccgdistribuidora.com\/wp-content\/uploads\/2023\/04\/BANO-DE-CREMA-ARGAN.jpg",700,700,false],"mailpoet_newsletter_max":["https:\/\/ccgdistribuidora.com\/wp-content\/uploads\/2023\/04\/BANO-DE-CREMA-ARGAN.jpg",700,700,false],"woocommerce_thumbnail":["https:\/\/ccgdistribuidora.com\/wp-content\/uploads\/2023\/04\/BANO-DE-CREMA-ARGAN-300x400.jpg",300,400,true],"woocommerce_single":["https:\/\/ccgdistribuidora.com\/wp-content\/uploads\/2023\/04\/BANO-DE-CREMA-ARGAN-600x600.jpg",600,600,true],"woocommerce_gallery_thumbnail":["https:\/\/ccgdistribuidora.com\/wp-content\/uploads\/2023\/04\/BANO-DE-CREMA-ARGAN-100x100.jpg",100,100,true],"dgwt-wcas-product-suggestion":["https:\/\/ccgdistribuidora.com\/wp-content\/uploads\/2023\/04\/BANO-DE-CREMA-ARGAN.jpg",64,64,false]},"post_excerpt_stackable":"<p>Caracter\u00edsticas principales Marca Exiline L\u00ednea Arg\u00e1n Tipo de producto Ba\u00f1o de crema Es kit No Unidades por envase 1 Formato de venta Unidad Volumen neto 200 mL &nbsp; Ver m\u00e1s caracter\u00edsticas Descripci\u00f3n EXILINE ARG\u00c1N BA\u00d1O DE CREMA HIDRATACION 200ML M\u00e1scara Hidratante Exiline Arg\u00e1n Ba\u00f1o De Crema aporta suavidad y brillo al cabello, facilitando el peinado y reduciendo la est\u00e1tica. Por su aporte sustancial de ciste\u00edna, es particularmente valiosa en la reparaci\u00f3n de cabellos secos que han sufrido procesos qu\u00edmicos. -MODO DE USO- Luego de lavar el cabello con Shampoo, aplicar el ba\u00f1o de crema con un suave masaje de medios&hellip;<\/p>\n","category_list":"","author_info":{"name":"","url":""},"comments_num":"0 comentarios","_links":{"self":[{"href":"https:\/\/ccgdistribuidora.com\/index.php\/wp-json\/wp\/v2\/product\/4368"}],"collection":[{"href":"https:\/\/ccgdistribuidora.com\/index.php\/wp-json\/wp\/v2\/product"}],"about":[{"href":"https:\/\/ccgdistribuidora.com\/index.php\/wp-json\/wp\/v2\/types\/product"}],"replies":[{"embeddable":true,"href":"https:\/\/ccgdistribuidora.com\/index.php\/wp-json\/wp\/v2\/comments?post=4368"}],"wp:featuredmedia":[{"embeddable":true,"href":"https:\/\/ccgdistribuidora.com\/index.php\/wp-json\/wp\/v2\/media\/4369"}],"wp:attachment":[{"href":"https:\/\/ccgdistribuidora.com\/index.php\/wp-json\/wp\/v2\/media?parent=4368"}],"wp:term":[{"taxonomy":"product_cat","embeddable":true,"href":"https:\/\/ccgdistribuidora.com\/index.php\/wp-json\/wp\/v2\/product_cat?post=4368"},{"taxonomy":"product_tag","embeddable":true,"href":"https:\/\/ccgdistribuidora.com\/index.php\/wp-json\/wp\/v2\/product_tag?post=4368"}],"curies":[{"name":"wp","href":"https:\/\/api.w.org\/{rel}","templated":true}]}}