{"id":3311,"date":"2023-03-04T16:32:10","date_gmt":"2023-03-04T19:32:10","guid":{"rendered":"https:\/\/ccgdistribuidora.com\/?post_type=product&#038;p=3311"},"modified":"2024-07-23T13:22:22","modified_gmt":"2024-07-23T16:22:22","slug":"crema-facial-efecto-anti-age-nutritiva-collage","status":"publish","type":"product","link":"https:\/\/ccgdistribuidora.com\/index.php\/product\/crema-facial-efecto-anti-age-nutritiva-collage\/","title":{"rendered":"Crema Facial Efecto Anti Age Nutritiva Collage x 500"},"content":{"rendered":"<p>Su efecto micro-dermoabrasivo est\u00e1 indicado para todo<br \/>\ntipo de pieles.<br \/>\nAcci\u00f3n<br \/>\nElimina impurezas y c\u00e9lulas muertas favorenciendo la<br \/>\nrenovaci\u00f3n celular y la absorci\u00f3n de activos. Ayuda<br \/>\na restaurar la luminosidad del tono y aten\u00faa tanto las<br \/>\nl\u00edneas de expresi\u00f3n, como las manchas.<br \/>\nTratamientos<\/p>\n<p>Presentaciones<br \/>\n\u00b7 250 gr.<br \/>\n\u00b7 500 gr.<br \/>\n\u00b7 1000 gr.<\/p>\n","protected":false},"excerpt":{"rendered":"<p>Su efecto micro-dermoabrasivo est\u00e1 indicado para todo tipo de pieles. Acci\u00f3n Elimina impurezas y c\u00e9lulas muertas favorenciendo la renovaci\u00f3n celular y la absorci\u00f3n de activos. Ayuda a restaurar la luminosidad del tono y aten\u00faa tanto las l\u00edneas de expresi\u00f3n, como las manchas. Tratamientos Presentaciones \u00b7 250 gr. \u00b7 500 gr. \u00b7 1000 gr.<\/p>\n","protected":false},"featured_media":3312,"comment_status":"open","ping_status":"closed","template":"","meta":[],"product_cat":[219,220],"product_tag":[],"featured_image_urls":{"full":["https:\/\/ccgdistribuidora.com\/wp-content\/uploads\/2023\/03\/Collage-crema.jpg",500,500,false],"thumbnail":["https:\/\/ccgdistribuidora.com\/wp-content\/uploads\/2023\/03\/Collage-crema-150x150.jpg",150,150,true],"medium":["https:\/\/ccgdistribuidora.com\/wp-content\/uploads\/2023\/03\/Collage-crema-300x300.jpg",300,300,true],"medium_large":["https:\/\/ccgdistribuidora.com\/wp-content\/uploads\/2023\/03\/Collage-crema.jpg",500,500,false],"large":["https:\/\/ccgdistribuidora.com\/wp-content\/uploads\/2023\/03\/Collage-crema.jpg",500,500,false],"1536x1536":["https:\/\/ccgdistribuidora.com\/wp-content\/uploads\/2023\/03\/Collage-crema.jpg",500,500,false],"2048x2048":["https:\/\/ccgdistribuidora.com\/wp-content\/uploads\/2023\/03\/Collage-crema.jpg",500,500,false],"mailpoet_newsletter_max":["https:\/\/ccgdistribuidora.com\/wp-content\/uploads\/2023\/03\/Collage-crema.jpg",500,500,false],"woocommerce_thumbnail":["https:\/\/ccgdistribuidora.com\/wp-content\/uploads\/2023\/03\/Collage-crema-300x400.jpg",300,400,true],"woocommerce_single":["https:\/\/ccgdistribuidora.com\/wp-content\/uploads\/2023\/03\/Collage-crema.jpg",500,500,false],"woocommerce_gallery_thumbnail":["https:\/\/ccgdistribuidora.com\/wp-content\/uploads\/2023\/03\/Collage-crema-100x100.jpg",100,100,true],"dgwt-wcas-product-suggestion":["https:\/\/ccgdistribuidora.com\/wp-content\/uploads\/2023\/03\/Collage-crema.jpg",64,64,false]},"post_excerpt_stackable":"<p>Su efecto micro-dermoabrasivo est\u00e1 indicado para todo tipo de pieles. Acci\u00f3n Elimina impurezas y c\u00e9lulas muertas favorenciendo la renovaci\u00f3n celular y la absorci\u00f3n de activos. Ayuda a restaurar la luminosidad del tono y aten\u00faa tanto las l\u00edneas de expresi\u00f3n, como las manchas. Tratamientos Presentaciones \u00b7 250 gr. \u00b7 500 gr. \u00b7 1000 gr.<\/p>\n","category_list":"","author_info":{"name":"","url":""},"comments_num":"0 comentarios","_links":{"self":[{"href":"https:\/\/ccgdistribuidora.com\/index.php\/wp-json\/wp\/v2\/product\/3311"}],"collection":[{"href":"https:\/\/ccgdistribuidora.com\/index.php\/wp-json\/wp\/v2\/product"}],"about":[{"href":"https:\/\/ccgdistribuidora.com\/index.php\/wp-json\/wp\/v2\/types\/product"}],"replies":[{"embeddable":true,"href":"https:\/\/ccgdistribuidora.com\/index.php\/wp-json\/wp\/v2\/comments?post=3311"}],"wp:featuredmedia":[{"embeddable":true,"href":"https:\/\/ccgdistribuidora.com\/index.php\/wp-json\/wp\/v2\/media\/3312"}],"wp:attachment":[{"href":"https:\/\/ccgdistribuidora.com\/index.php\/wp-json\/wp\/v2\/media?parent=3311"}],"wp:term":[{"taxonomy":"product_cat","embeddable":true,"href":"https:\/\/ccgdistribuidora.com\/index.php\/wp-json\/wp\/v2\/product_cat?post=3311"},{"taxonomy":"product_tag","embeddable":true,"href":"https:\/\/ccgdistribuidora.com\/index.php\/wp-json\/wp\/v2\/product_tag?post=3311"}],"curies":[{"name":"wp","href":"https:\/\/api.w.org\/{rel}","templated":true}]}}