{"id":69,"date":"2022-04-11T12:53:40","date_gmt":"2022-04-11T12:53:40","guid":{"rendered":"https:\/\/demo.creativethemes.com\/blocksy\/home-decor\/?page_id=69"},"modified":"2023-03-16T12:54:44","modified_gmt":"2023-03-16T15:54:44","slug":"cart","status":"publish","type":"page","link":"https:\/\/ccgdistribuidora.com\/index.php\/cart\/","title":{"rendered":"Carrito"},"content":{"rendered":"<div data-block-name=\"woocommerce\/cart\" class=\"wp-block-woocommerce-cart is-loading\"><div data-block-name=\"woocommerce\/filled-cart-block\" class=\"wp-block-woocommerce-filled-cart-block\"><div data-block-name=\"woocommerce\/cart-items-block\" class=\"wp-block-woocommerce-cart-items-block\"><div data-block-name=\"woocommerce\/cart-line-items-block\" class=\"wp-block-woocommerce-cart-line-items-block\"><\/div>\n\n<div data-block-name=\"woocommerce\/cart-cross-sells-block\" class=\"wp-block-woocommerce-cart-cross-sells-block\">\n<h3 class=\"wp-block-heading\">Puede que te interese\u2026<\/h3>\n\n\n<div data-block-name=\"woocommerce\/cart-cross-sells-products-block\" class=\"wp-block-woocommerce-cart-cross-sells-products-block\"><\/div><\/div><\/div>\n\n<div data-block-name=\"woocommerce\/cart-totals-block\" class=\"wp-block-woocommerce-cart-totals-block\"><div data-block-name=\"woocommerce\/cart-order-summary-block\" class=\"wp-block-woocommerce-cart-order-summary-block\"><div data-block-name=\"woocommerce\/cart-order-summary-heading-block\" data-content=\"Total del carrito\" class=\"wp-block-woocommerce-cart-order-summary-heading-block\"><\/div>\n\n<div data-block-name=\"woocommerce\/cart-order-summary-subtotal-block\" class=\"wp-block-woocommerce-cart-order-summary-subtotal-block\"><\/div>\n\n<div data-block-name=\"woocommerce\/cart-order-summary-fee-block\" class=\"wp-block-woocommerce-cart-order-summary-fee-block\"><\/div>\n\n<div data-block-name=\"woocommerce\/cart-order-summary-discount-block\" class=\"wp-block-woocommerce-cart-order-summary-discount-block\"><\/div>\n\n<div data-block-name=\"woocommerce\/cart-order-summary-coupon-form-block\" class=\"wp-block-woocommerce-cart-order-summary-coupon-form-block\"><\/div>\n\n<div data-block-name=\"woocommerce\/cart-order-summary-shipping-block\" class=\"wp-block-woocommerce-cart-order-summary-shipping-block\"><\/div>\n\n<div data-block-name=\"woocommerce\/cart-order-summary-taxes-block\" class=\"wp-block-woocommerce-cart-order-summary-taxes-block\"><\/div><\/div>\n\n<div data-block-name=\"woocommerce\/cart-express-payment-block\" class=\"wp-block-woocommerce-cart-express-payment-block\"><\/div>\n\n<div data-block-name=\"woocommerce\/proceed-to-checkout-block\" class=\"wp-block-woocommerce-proceed-to-checkout-block\"><\/div>\n\n<div data-block-name=\"woocommerce\/cart-accepted-payment-methods-block\" class=\"wp-block-woocommerce-cart-accepted-payment-methods-block\"><\/div><\/div><\/div>\n\n<div data-block-name=\"woocommerce\/empty-cart-block\" class=\"wp-block-woocommerce-empty-cart-block\">\n<figure class=\"wp-block-image aligncenter size-small\"><img decoding=\"async\" src=\"data:image\/svg+xml;base64,PHN2ZyB3aWR0aD0iMzgiIGhlaWdodD0iMzgiIHZpZXdCb3g9IjAgMCAzOCAzOCIgZmlsbD0ibm9uZSIgeG1sbnM9Imh0dHA6Ly93d3cudzMub3JnLzIwMDAvc3ZnIj4KPHBhdGggZD0iTTE5IDBDOC41MDQwMyAwIDAgOC41MDQwMyAwIDE5QzAgMjkuNDk2IDguNTA0MDMgMzggMTkgMzhDMjkuNDk2IDM4IDM4IDI5LjQ5NiAzOCAxOUMzOCA4LjUwNDAzIDI5LjQ5NiAwIDE5IDBaTTI1LjEyOSAxMi44NzFDMjYuNDg1MSAxMi44NzEgMjcuNTgwNiAxMy45NjY1IDI3LjU4MDYgMTUuMzIyNkMyNy41ODA2IDE2LjY3ODYgMjYuNDg1MSAxNy43NzQyIDI1LjEyOSAxNy43NzQyQzIzLjc3MyAxNy43NzQyIDIyLjY3NzQgMTYuNjc4NiAyMi42Nzc0IDE1LjMyMjZDMjIuNjc3NCAxMy45NjY1IDIzLjc3MyAxMi44NzEgMjUuMTI5IDEyLjg3MVpNMTEuNjQ1MiAzMS4yNTgxQzkuNjE0OTIgMzEuMjU4MSA3Ljk2Nzc0IDI5LjY0OTIgNy45Njc3NCAyNy42NTczQzcuOTY3NzQgMjYuMTI1IDEwLjE1MTIgMjMuMDI5OCAxMS4xNTQ4IDIxLjY5NjhDMTEuNCAyMS4zNjczIDExLjg5MDMgMjEuMzY3MyAxMi4xMzU1IDIxLjY5NjhDMTMuMTM5MSAyMy4wMjk4IDE1LjMyMjYgMjYuMTI1IDE1LjMyMjYgMjcuNjU3M0MxNS4zMjI2IDI5LjY0OTIgMTMuNjc1NCAzMS4yNTgxIDExLjY0NTIgMzEuMjU4MVpNMTIuODcxIDE3Ljc3NDJDMTEuNTE0OSAxNy43NzQyIDEwLjQxOTQgMTYuNjc4NiAxMC40MTk0IDE1LjMyMjZDMTAuNDE5NCAxMy45NjY1IDExLjUxNDkgMTIuODcxIDEyLjg3MSAxMi44NzFDMTQuMjI3IDEyLjg3MSAxNS4zMjI2IDEzLjk2NjUgMTUuMzIyNiAxNS4zMjI2QzE1LjMyMjYgMTYuNjc4NiAxNC4yMjcgMTcuNzc0MiAxMi44NzEgMTcuNzc0MlpNMjUuOTEwNSAyOS41ODc5QzI0LjE5NDQgMjcuNTM0NyAyMS42NzM4IDI2LjM1NDggMTkgMjYuMzU0OEMxNy4zNzU4IDI2LjM1NDggMTcuMzc1OCAyMy45MDMyIDE5IDIzLjkwMzJDMjIuNDAxNiAyMy45MDMyIDI1LjYxMTcgMjUuNDA0OCAyNy43ODc1IDI4LjAyNUMyOC44NDQ4IDI5LjI4MTUgMjYuOTI5NCAzMC44MjE0IDI1LjkxMDUgMjkuNTg3OVoiIGZpbGw9ImJsYWNrIi8+Cjwvc3ZnPgo=\" alt=\"\"\/><\/figure>\n\n\n\n<h2 class=\"wp-block-heading has-text-align-center wc-block-cart__empty-cart__title\">\u00a1Tu carrito actualmente est\u00e1 vac\u00edo!<\/h2>\n\n\n\n<p class=\"has-text-align-center\"><a href=\"https:\/\/ccgdistribuidora.com\/index.php\/home\/\">Ver tienda<\/a>.<\/p>\n\n\n\n<hr class=\"wp-block-separator has-alpha-channel-opacity is-style-dots\"\/>\n\n\n\n<h2 class=\"wp-block-heading has-text-align-center\">Nuevo en la tienda<\/h2>\n\n\n<div data-block-name=\"woocommerce\/product-new\" data-rows=\"1\" class=\"wc-block-grid wp-block-product-new wc-block-product-new has-3-columns\"><ul class=\"wc-block-grid__products\"><li class=\"wc-block-grid__product\">\n\t\t\t\t<a href=\"https:\/\/ccgdistribuidora.com\/index.php\/product\/tycel-gorra-para-claritos-sin-perforar-con-barbijo-x-12-uni-color-blanca-cod-324\/\" class=\"wc-block-grid__product-link\">\n\t\t\t\t\t\n\t\t\t\t\t<div class=\"wc-block-grid__product-image\"><img width=\"300\" height=\"400\" src=\"https:\/\/ccgdistribuidora.com\/wp-content\/uploads\/2023\/11\/Tycel-Gorra-Para-Claritos-Sin-Perforar-Con-Barbijo-X-12-Uni-Color-Blanca-Cod-32-1-300x400.jpg\" class=\"attachment-woocommerce_thumbnail size-woocommerce_thumbnail\" alt=\"Tycel Gorra Para Claritos Sin Perforar Con Barbijo X 12 Uni Color Blanca Cod: 324\" decoding=\"async\" loading=\"lazy\" \/><\/div>\n\t\t\t\t\t<div class=\"wc-block-grid__product-title\">Tycel Gorra Para Claritos Sin Perforar Con Barbijo X 12 Uni Color Blanca Cod: 324<\/div>\n\t\t\t\t<\/a>\n\t\t\t\t<div class=\"wc-block-grid__product-price price\"><span class=\"woocommerce-Price-amount amount\"><span class=\"woocommerce-Price-currencySymbol\">&#036;<\/span>&nbsp;17.800,00<\/span><\/div>\n\t\t\t\t\n\t\t\t\t<div class=\"wp-block-button wc-block-grid__product-add-to-cart\"><a href=\"?add-to-cart=5366\" aria-label=\"A\u00f1ade &ldquo;Tycel Gorra Para Claritos Sin Perforar Con Barbijo X 12 Uni Color Blanca Cod: 324&rdquo; a tu carrito\" data-quantity=\"1\" data-product_id=\"5366\" data-product_sku=\"\" rel=\"nofollow\" class=\"wp-block-button__link  add_to_cart_button ajax_add_to_cart\">A\u00f1adir al carrito<\/a><\/div>\n\t\t\t<\/li><li class=\"wc-block-grid__product\">\n\t\t\t\t<a href=\"https:\/\/ccgdistribuidora.com\/index.php\/product\/gorro-claritos-mechas-siliconado-preperforado-aguja-dompel\/\" class=\"wc-block-grid__product-link\">\n\t\t\t\t\t\n\t\t\t\t\t<div class=\"wc-block-grid__product-image\"><img width=\"300\" height=\"400\" src=\"https:\/\/ccgdistribuidora.com\/wp-content\/uploads\/2023\/11\/Gorro-Claritos-Mechas-Siliconado-Preperforado-Aguja-Dompel--300x400.jpg\" class=\"attachment-woocommerce_thumbnail size-woocommerce_thumbnail\" alt=\"Gorro Claritos Mechas Siliconado Preperforado + Aguja Dompel\" decoding=\"async\" loading=\"lazy\" \/><\/div>\n\t\t\t\t\t<div class=\"wc-block-grid__product-title\">Gorro Claritos Mechas Siliconado Preperforado + Aguja Dompel<\/div>\n\t\t\t\t<\/a>\n\t\t\t\t<div class=\"wc-block-grid__product-price price\"><span class=\"woocommerce-Price-amount amount\"><span class=\"woocommerce-Price-currencySymbol\">&#036;<\/span>&nbsp;6.000,00<\/span><\/div>\n\t\t\t\t\n\t\t\t\t<div class=\"wp-block-button wc-block-grid__product-add-to-cart\"><a href=\"?add-to-cart=5364\" aria-label=\"A\u00f1ade &ldquo;Gorro Claritos Mechas Siliconado Preperforado + Aguja Dompel&rdquo; a tu carrito\" data-quantity=\"1\" data-product_id=\"5364\" data-product_sku=\"\" rel=\"nofollow\" class=\"wp-block-button__link  add_to_cart_button ajax_add_to_cart\">A\u00f1adir al carrito<\/a><\/div>\n\t\t\t<\/li><li class=\"wc-block-grid__product\">\n\t\t\t\t<a href=\"https:\/\/ccgdistribuidora.com\/index.php\/product\/gorro-siliconado-reflejos-dompel-romana-dorada-mod391_sadorada\/\" class=\"wc-block-grid__product-link\">\n\t\t\t\t\t\n\t\t\t\t\t<div class=\"wc-block-grid__product-image\"><img width=\"300\" height=\"400\" src=\"https:\/\/ccgdistribuidora.com\/wp-content\/uploads\/2023\/11\/Gorro-Siliconado-Reflejos-Dompel-Romana-Dorada-mod391_Sadorada--300x400.jpg\" class=\"attachment-woocommerce_thumbnail size-woocommerce_thumbnail\" alt=\"Gorro Siliconado Reflejos Dompel Romana Dorada mod:391_Sadorada\" decoding=\"async\" loading=\"lazy\" \/><\/div>\n\t\t\t\t\t<div class=\"wc-block-grid__product-title\">Gorro Siliconado Reflejos Dompel Romana Dorada mod:391_Sadorada<\/div>\n\t\t\t\t<\/a>\n\t\t\t\t<div class=\"wc-block-grid__product-price price\"><span class=\"woocommerce-Price-amount amount\"><span class=\"woocommerce-Price-currencySymbol\">&#036;<\/span>&nbsp;9.100,00<\/span><\/div>\n\t\t\t\t\n\t\t\t\t<div class=\"wp-block-button wc-block-grid__product-add-to-cart\"><a href=\"?add-to-cart=5360\" aria-label=\"A\u00f1ade &ldquo;Gorro Siliconado Reflejos Dompel Romana Dorada mod:391_Sadorada&rdquo; a tu carrito\" data-quantity=\"1\" data-product_id=\"5360\" data-product_sku=\"\" rel=\"nofollow\" class=\"wp-block-button__link  add_to_cart_button ajax_add_to_cart\">A\u00f1adir al carrito<\/a><\/div>\n\t\t\t<\/li><\/ul><\/div><\/div><\/div>","protected":false},"excerpt":{"rendered":"","protected":false},"author":1,"featured_media":0,"parent":0,"menu_order":0,"comment_status":"closed","ping_status":"closed","template":"","meta":{"footnotes":""},"blocksy_meta":{"styles_descriptor":{"styles":{"desktop":"","tablet":"","mobile":""},"google_fonts":[],"version":5}},"featured_image_urls":{"full":"","thumbnail":"","medium":"","medium_large":"","large":"","1536x1536":"","2048x2048":"","mailpoet_newsletter_max":"","woocommerce_thumbnail":"","woocommerce_single":"","woocommerce_gallery_thumbnail":"","dgwt-wcas-product-suggestion":""},"post_excerpt_stackable":"<p>Puede que te interese\u2026 \u00a1Tu carrito actualmente est\u00e1 vac\u00edo! Ver tienda. Nuevo en la tienda Tycel Gorra Para Claritos Sin Perforar Con Barbijo X 12 Uni Color Blanca Cod: 324 &#036;&nbsp;17.800,00 A\u00f1adir al carrito Gorro Claritos Mechas Siliconado Preperforado + Aguja Dompel &#036;&nbsp;6.000,00 A\u00f1adir al carrito Gorro Siliconado Reflejos Dompel Romana Dorada mod:391_Sadorada &#036;&nbsp;9.100,00 A\u00f1adir al carrito<\/p>\n","category_list":"","author_info":{"name":"CCG","url":"https:\/\/ccgdistribuidora.com\/index.php\/author\/ccgdistribuidora17gmail-com\/"},"comments_num":"0 comentarios","_links":{"self":[{"href":"https:\/\/ccgdistribuidora.com\/index.php\/wp-json\/wp\/v2\/pages\/69"}],"collection":[{"href":"https:\/\/ccgdistribuidora.com\/index.php\/wp-json\/wp\/v2\/pages"}],"about":[{"href":"https:\/\/ccgdistribuidora.com\/index.php\/wp-json\/wp\/v2\/types\/page"}],"author":[{"embeddable":true,"href":"https:\/\/ccgdistribuidora.com\/index.php\/wp-json\/wp\/v2\/users\/1"}],"replies":[{"embeddable":true,"href":"https:\/\/ccgdistribuidora.com\/index.php\/wp-json\/wp\/v2\/comments?post=69"}],"version-history":[{"count":2,"href":"https:\/\/ccgdistribuidora.com\/index.php\/wp-json\/wp\/v2\/pages\/69\/revisions"}],"predecessor-version":[{"id":3830,"href":"https:\/\/ccgdistribuidora.com\/index.php\/wp-json\/wp\/v2\/pages\/69\/revisions\/3830"}],"wp:attachment":[{"href":"https:\/\/ccgdistribuidora.com\/index.php\/wp-json\/wp\/v2\/media?parent=69"}],"curies":[{"name":"wp","href":"https:\/\/api.w.org\/{rel}","templated":true}]}}