{"id":3569,"date":"2023-03-13T20:19:47","date_gmt":"2023-03-13T23:19:47","guid":{"rendered":"https:\/\/ccgdistribuidora.com\/?page_id=3569"},"modified":"2023-05-04T16:29:33","modified_gmt":"2023-05-04T19:29:33","slug":"estetica-depilacion-spa","status":"publish","type":"page","link":"https:\/\/ccgdistribuidora.com\/index.php\/estetica-depilacion-spa\/","title":{"rendered":"Estetica Depilaci\u00f3n &#038; Spa"},"content":{"rendered":"\n<div class=\"wp-block-stackable-columns stk-block-columns stk-block stk-c1fb55f\" data-block-id=\"c1fb55f\"><div class=\"stk-row stk-inner-blocks stk-block-content stk-content-align stk-c1fb55f-column\">\n<div class=\"wp-block-stackable-column stk-block-column stk-block-column--v3 stk-column stk-block-column--v2 stk-block stk-8446791\" data-block-id=\"8446791\"><div class=\"stk-column-wrapper stk-block-column__content stk-container stk-8446791-container stk--no-background stk--no-padding\"><div class=\"stk-block-content stk-inner-blocks stk-8446791-inner-blocks\"><div  class=\"dgwt-wcas-search-wrapp dgwt-wcas-has-submit woocommerce dgwt-wcas-style-pirx js-dgwt-wcas-layout-classic dgwt-wcas-layout-classic js-dgwt-wcas-mobile-overlay-enabled\">\n\t\t<form class=\"dgwt-wcas-search-form\" role=\"search\" action=\"https:\/\/ccgdistribuidora.com\/\" method=\"get\">\n\t\t<div class=\"dgwt-wcas-sf-wrapp\">\n\t\t\t\t\t\t<label class=\"screen-reader-text\"\n\t\t\t       for=\"dgwt-wcas-search-input-1\">B\u00fasqueda de productos<\/label>\n\n\t\t\t<input id=\"dgwt-wcas-search-input-1\"\n\t\t\t       type=\"search\"\n\t\t\t       class=\"dgwt-wcas-search-input\"\n\t\t\t       name=\"s\"\n\t\t\t       value=\"\"\n\t\t\t\t   placeholder=\"Buscar...\"\n\t\t\t       autocomplete=\"off\"\n\t\t\t\t   \t\t\t\/>\n\t\t\t<div class=\"dgwt-wcas-preloader\"><\/div>\n\n\t\t\t<div class=\"dgwt-wcas-voice-search\"><\/div>\n\n\t\t\t\t\t\t\t<button type=\"submit\"\n\t\t\t\t        aria-label=\"Buscar\"\n\t\t\t\t        class=\"dgwt-wcas-search-submit\">\t\t\t\t<svg class=\"dgwt-wcas-ico-magnifier\" xmlns=\"http:\/\/www.w3.org\/2000\/svg\" width=\"18\" height=\"18\" viewBox=\"0 0 18 18\">\n\t\t\t\t\t<path  d=\" M 16.722523,17.901412 C 16.572585,17.825208 15.36088,16.670476 14.029846,15.33534 L 11.609782,12.907819 11.01926,13.29667 C 8.7613237,14.783493 5.6172703,14.768302 3.332423,13.259528 -0.07366363,11.010358 -1.0146502,6.5989684 1.1898146,3.2148776\n\t\t\t\t\t\t  1.5505179,2.6611594 2.4056498,1.7447266 2.9644271,1.3130497 3.4423015,0.94387379 4.3921825,0.48568469 5.1732652,0.2475835 5.886299,0.03022609 6.1341883,0 7.2037391,0 8.2732897,0 8.521179,0.03022609 9.234213,0.2475835 c 0.781083,0.23810119 1.730962,0.69629029 2.208837,1.0654662\n\t\t\t\t\t\t  0.532501,0.4113763 1.39922,1.3400096 1.760153,1.8858877 1.520655,2.2998531 1.599025,5.3023778 0.199549,7.6451086 -0.208076,0.348322 -0.393306,0.668209 -0.411622,0.710863 -0.01831,0.04265 1.065556,1.18264 2.408603,2.533307 1.343046,1.350666 2.486621,2.574792 2.541278,2.720279 0.282475,0.7519\n\t\t\t\t\t\t  -0.503089,1.456506 -1.218488,1.092917 z M 8.4027892,12.475062 C 9.434946,12.25579 10.131043,11.855461 10.99416,10.984753 11.554519,10.419467 11.842507,10.042366 12.062078,9.5863882 12.794223,8.0659672 12.793657,6.2652398 12.060578,4.756293 11.680383,3.9737304 10.453587,2.7178427\n\t\t\t\t\t\t  9.730569,2.3710306 8.6921295,1.8729196 8.3992147,1.807606 7.2037567,1.807606 6.0082984,1.807606 5.7153841,1.87292 4.6769446,2.3710306 3.9539263,2.7178427 2.7271301,3.9737304 2.3469352,4.756293 1.6138384,6.2652398 1.6132726,8.0659672 2.3454252,9.5863882 c 0.4167354,0.8654208 1.5978784,2.0575608\n\t\t\t\t\t\t  2.4443766,2.4671358 1.0971012,0.530827 2.3890403,0.681561 3.6130134,0.421538 z\n\t\t\t\t\t\"\/>\n\t\t\t\t<\/svg>\n\t\t\t\t<\/button>\n\t\t\t\n\t\t\t<input type=\"hidden\" name=\"post_type\" value=\"product\"\/>\n\t\t\t<input type=\"hidden\" name=\"dgwt_wcas\" value=\"1\"\/>\n\n\t\t\t\n\t\t\t\t\t<\/div>\n\t<\/form>\n<\/div>\n\n<\/div><\/div><\/div>\n<\/div><\/div>\n\n\n\n<div class=\"wp-block-stackable-columns stk-block-columns stk-block stk-dcc6d8f\" data-block-id=\"dcc6d8f\"><div class=\"stk-row stk-inner-blocks stk-block-content stk-content-align stk-dcc6d8f-column\">\n<div class=\"wp-block-stackable-column stk-block-column stk-block-column--v3 stk-column stk-block-column--v2 stk-block stk-574459a\" data-block-id=\"574459a\"><div class=\"stk-column-wrapper stk-block-column__content stk-container stk-574459a-container stk--no-background stk--no-padding\"><div class=\"stk-block-content stk-inner-blocks stk-574459a-inner-blocks\"><div data-block-name=\"woocommerce\/product-category\" data-categories=\"[242]\" class=\"wc-block-grid wp-block-product-category wc-block-product-category has-3-columns has-multiple-rows\"><ul class=\"wc-block-grid__products\"><li class=\"wc-block-grid__product\">\n\t\t\t\t<a href=\"https:\/\/ccgdistribuidora.com\/index.php\/product\/collage-gel-de-limpieza-detox-bitter-orange-500g\/\" class=\"wc-block-grid__product-link\">\n\t\t\t\t\t\n\t\t\t\t\t<div class=\"wc-block-grid__product-image\"><img width=\"300\" height=\"400\" src=\"https:\/\/ccgdistribuidora.com\/wp-content\/uploads\/2023\/07\/Collage-Gel-De-Limpieza-Detox-Bitter-Orange-500g-300x400.jpg\" class=\"attachment-woocommerce_thumbnail size-woocommerce_thumbnail\" alt=\"Collage Gel De Limpieza Detox Bitter Orange 500g\" decoding=\"async\" loading=\"lazy\" \/><\/div>\n\t\t\t\t\t<div class=\"wc-block-grid__product-title\">Collage Gel De Limpieza Detox Bitter Orange 500g<\/div>\n\t\t\t\t<\/a>\n\t\t\t\t<div class=\"wc-block-grid__product-price price\"><span class=\"woocommerce-Price-amount amount\"><span class=\"woocommerce-Price-currencySymbol\">&#036;<\/span>&nbsp;9.600,00<\/span><\/div>\n\t\t\t\t\n\t\t\t\t<div class=\"wp-block-button wc-block-grid__product-add-to-cart\"><a href=\"?add-to-cart=5239\" aria-label=\"A\u00f1ade &ldquo;Collage Gel De Limpieza Detox Bitter Orange 500g&rdquo; a tu carrito\" data-quantity=\"1\" data-product_id=\"5239\" data-product_sku=\"\" rel=\"nofollow\" class=\"wp-block-button__link  add_to_cart_button ajax_add_to_cart\">A\u00f1adir al carrito<\/a><\/div>\n\t\t\t<\/li><li class=\"wc-block-grid__product\">\n\t\t\t\t<a href=\"https:\/\/ccgdistribuidora.com\/index.php\/product\/agua-micelar-triple-accion-de-collage-x500ml\/\" class=\"wc-block-grid__product-link\">\n\t\t\t\t\t\n\t\t\t\t\t<div class=\"wc-block-grid__product-image\"><img width=\"300\" height=\"400\" src=\"https:\/\/ccgdistribuidora.com\/wp-content\/uploads\/2023\/07\/Agua-Micelar-Triple-Accion-De-Collage-X500ml-300x400.jpg\" class=\"attachment-woocommerce_thumbnail size-woocommerce_thumbnail\" alt=\"Agua Micelar Triple Acci\u00f3n De Collage X500ml\" decoding=\"async\" loading=\"lazy\" \/><\/div>\n\t\t\t\t\t<div class=\"wc-block-grid__product-title\">Agua Micelar Triple Acci\u00f3n De Collage X500ml<\/div>\n\t\t\t\t<\/a>\n\t\t\t\t<div class=\"wc-block-grid__product-price price\"><span class=\"woocommerce-Price-amount amount\"><span class=\"woocommerce-Price-currencySymbol\">&#036;<\/span>&nbsp;9.500,00<\/span><\/div>\n\t\t\t\t\n\t\t\t\t<div class=\"wp-block-button wc-block-grid__product-add-to-cart\"><a href=\"?add-to-cart=5236\" aria-label=\"A\u00f1ade &ldquo;Agua Micelar Triple Acci\u00f3n De Collage X500ml&rdquo; a tu carrito\" data-quantity=\"1\" data-product_id=\"5236\" data-product_sku=\"\" rel=\"nofollow\" class=\"wp-block-button__link  add_to_cart_button ajax_add_to_cart\">A\u00f1adir al carrito<\/a><\/div>\n\t\t\t<\/li><li class=\"wc-block-grid__product\">\n\t\t\t\t<a href=\"https:\/\/ccgdistribuidora.com\/index.php\/product\/desmaquillante-bifasico-de-ojos-y-labios-collage-125ml\/\" class=\"wc-block-grid__product-link\">\n\t\t\t\t\t\n\t\t\t\t\t<div class=\"wc-block-grid__product-image\"><img width=\"300\" height=\"400\" src=\"https:\/\/ccgdistribuidora.com\/wp-content\/uploads\/2023\/07\/Desmaquillante-Bifasico-De-Ojos-Y-Labios-Collage-125ml--300x400.jpg\" class=\"attachment-woocommerce_thumbnail size-woocommerce_thumbnail\" alt=\"Desmaquillante Bifasico De Ojos Y Labios Collage 125ml\" decoding=\"async\" loading=\"lazy\" \/><\/div>\n\t\t\t\t\t<div class=\"wc-block-grid__product-title\">Desmaquillante Bifasico De Ojos Y Labios Collage 125ml<\/div>\n\t\t\t\t<\/a>\n\t\t\t\t<div class=\"wc-block-grid__product-price price\"><span class=\"woocommerce-Price-amount amount\"><span class=\"woocommerce-Price-currencySymbol\">&#036;<\/span>&nbsp;7.000,00<\/span><\/div>\n\t\t\t\t\n\t\t\t\t<div class=\"wp-block-button wc-block-grid__product-add-to-cart\"><a href=\"?add-to-cart=5232\" aria-label=\"A\u00f1ade &ldquo;Desmaquillante Bifasico De Ojos Y Labios Collage 125ml&rdquo; a tu carrito\" data-quantity=\"1\" data-product_id=\"5232\" data-product_sku=\"\" rel=\"nofollow\" class=\"wp-block-button__link  add_to_cart_button ajax_add_to_cart\">A\u00f1adir al carrito<\/a><\/div>\n\t\t\t<\/li><li class=\"wc-block-grid__product\">\n\t\t\t\t<a href=\"https:\/\/ccgdistribuidora.com\/index.php\/product\/collage-aceite-para-masajes-sativa-relajante-hidratante\/\" class=\"wc-block-grid__product-link\">\n\t\t\t\t\t\n\t\t\t\t\t<div class=\"wc-block-grid__product-image\"><img width=\"300\" height=\"400\" src=\"https:\/\/ccgdistribuidora.com\/wp-content\/uploads\/2023\/07\/Collage-Aceite-Para-Masajes-Sativa-Relajante-Hidratante-300x400.jpg\" class=\"attachment-woocommerce_thumbnail size-woocommerce_thumbnail\" alt=\"Collage Aceite Para Masajes Sativa Relajante &amp; Hidratante\" decoding=\"async\" loading=\"lazy\" \/><\/div>\n\t\t\t\t\t<div class=\"wc-block-grid__product-title\">Collage Aceite Para Masajes Sativa Relajante &amp; Hidratante<\/div>\n\t\t\t\t<\/a>\n\t\t\t\t<div class=\"wc-block-grid__product-price price\"><span class=\"woocommerce-Price-amount amount\"><span class=\"woocommerce-Price-currencySymbol\">&#036;<\/span>&nbsp;24.800,00<\/span><\/div>\n\t\t\t\t\n\t\t\t\t<div class=\"wp-block-button wc-block-grid__product-add-to-cart\"><a href=\"?add-to-cart=5230\" aria-label=\"A\u00f1ade &ldquo;Collage Aceite Para Masajes Sativa Relajante &amp; Hidratante&rdquo; a tu carrito\" data-quantity=\"1\" data-product_id=\"5230\" data-product_sku=\"\" rel=\"nofollow\" class=\"wp-block-button__link  add_to_cart_button ajax_add_to_cart\">A\u00f1adir al carrito<\/a><\/div>\n\t\t\t<\/li><li class=\"wc-block-grid__product\">\n\t\t\t\t<a href=\"https:\/\/ccgdistribuidora.com\/index.php\/product\/aceite-neutro-para-masajes-collage-500cc\/\" class=\"wc-block-grid__product-link\">\n\t\t\t\t\t\n\t\t\t\t\t<div class=\"wc-block-grid__product-image\"><img width=\"300\" height=\"400\" src=\"https:\/\/ccgdistribuidora.com\/wp-content\/uploads\/2023\/07\/Aceite-Neutro-Para-Masajes-Collage-500cc-300x400.jpg\" class=\"attachment-woocommerce_thumbnail size-woocommerce_thumbnail\" alt=\"Aceite Neutro Para Masajes Collage 500cc.\" decoding=\"async\" loading=\"lazy\" \/><\/div>\n\t\t\t\t\t<div class=\"wc-block-grid__product-title\">Aceite Neutro Para Masajes Collage 500cc.<\/div>\n\t\t\t\t<\/a>\n\t\t\t\t<div class=\"wc-block-grid__product-price price\"><span class=\"woocommerce-Price-amount amount\"><span class=\"woocommerce-Price-currencySymbol\">&#036;<\/span>&nbsp;13.100,00<\/span><\/div>\n\t\t\t\t\n\t\t\t\t<div class=\"wp-block-button wc-block-grid__product-add-to-cart\"><a href=\"?add-to-cart=5228\" aria-label=\"A\u00f1ade &ldquo;Aceite Neutro Para Masajes Collage 500cc.&rdquo; a tu carrito\" data-quantity=\"1\" data-product_id=\"5228\" data-product_sku=\"\" rel=\"nofollow\" class=\"wp-block-button__link  add_to_cart_button ajax_add_to_cart\">A\u00f1adir al carrito<\/a><\/div>\n\t\t\t<\/li><li class=\"wc-block-grid__product\">\n\t\t\t\t<a href=\"https:\/\/ccgdistribuidora.com\/index.php\/product\/aceite-masajes-espiritu-sereno-collage-maderoterapia-500ml\/\" class=\"wc-block-grid__product-link\">\n\t\t\t\t\t\n\t\t\t\t\t<div class=\"wc-block-grid__product-image\"><img width=\"300\" height=\"400\" src=\"https:\/\/ccgdistribuidora.com\/wp-content\/uploads\/2023\/07\/Aceite-Masajes-Espiritu-Sereno-Collage-Maderoterapia-500m-300x400.jpg\" class=\"attachment-woocommerce_thumbnail size-woocommerce_thumbnail\" alt=\"Aceite Masajes Espiritu Sereno Collage Maderoterapia 500ml\" decoding=\"async\" loading=\"lazy\" \/><\/div>\n\t\t\t\t\t<div class=\"wc-block-grid__product-title\">Aceite Masajes Espiritu Sereno Collage Maderoterapia 500ml<\/div>\n\t\t\t\t<\/a>\n\t\t\t\t<div class=\"wc-block-grid__product-price price\"><span class=\"woocommerce-Price-amount amount\"><span class=\"woocommerce-Price-currencySymbol\">&#036;<\/span>&nbsp;13.100,00<\/span><\/div>\n\t\t\t\t\n\t\t\t\t<div class=\"wp-block-button wc-block-grid__product-add-to-cart\"><a href=\"?add-to-cart=5225\" aria-label=\"A\u00f1ade &ldquo;Aceite Masajes Espiritu Sereno Collage Maderoterapia 500ml&rdquo; a tu carrito\" data-quantity=\"1\" data-product_id=\"5225\" data-product_sku=\"\" rel=\"nofollow\" class=\"wp-block-button__link  add_to_cart_button ajax_add_to_cart\">A\u00f1adir al carrito<\/a><\/div>\n\t\t\t<\/li><li class=\"wc-block-grid__product\">\n\t\t\t\t<a href=\"https:\/\/ccgdistribuidora.com\/index.php\/product\/aceite-para-masajes-oleo-de-melisa-500gr-collage\/\" class=\"wc-block-grid__product-link\">\n\t\t\t\t\t\n\t\t\t\t\t<div class=\"wc-block-grid__product-image\"><img width=\"300\" height=\"400\" src=\"https:\/\/ccgdistribuidora.com\/wp-content\/uploads\/2023\/07\/Aceite-Para-Masajes-Oleo-De-Melisa-500gr-Collage-300x400.jpg\" class=\"attachment-woocommerce_thumbnail size-woocommerce_thumbnail\" alt=\"Aceite Para Masajes Oleo De Melisa 500gr Collage\" decoding=\"async\" loading=\"lazy\" \/><\/div>\n\t\t\t\t\t<div class=\"wc-block-grid__product-title\">Aceite Para Masajes Oleo De Melisa 500gr Collage<\/div>\n\t\t\t\t<\/a>\n\t\t\t\t<div class=\"wc-block-grid__product-price price\"><span class=\"woocommerce-Price-amount amount\"><span class=\"woocommerce-Price-currencySymbol\">&#036;<\/span>&nbsp;13.100,00<\/span><\/div>\n\t\t\t\t\n\t\t\t\t<div class=\"wp-block-button wc-block-grid__product-add-to-cart\"><a href=\"?add-to-cart=5223\" aria-label=\"A\u00f1ade &ldquo;Aceite Para Masajes Oleo De Melisa 500gr Collage&rdquo; a tu carrito\" data-quantity=\"1\" data-product_id=\"5223\" data-product_sku=\"\" rel=\"nofollow\" class=\"wp-block-button__link  add_to_cart_button ajax_add_to_cart\">A\u00f1adir al carrito<\/a><\/div>\n\t\t\t<\/li><li class=\"wc-block-grid__product\">\n\t\t\t\t<a href=\"https:\/\/ccgdistribuidora.com\/index.php\/product\/crema-facial-efecto-anti-age-nutritiva-collage\/\" class=\"wc-block-grid__product-link\">\n\t\t\t\t\t\n\t\t\t\t\t<div class=\"wc-block-grid__product-image\"><img width=\"300\" height=\"400\" src=\"https:\/\/ccgdistribuidora.com\/wp-content\/uploads\/2023\/03\/Collage-crema-300x400.jpg\" class=\"attachment-woocommerce_thumbnail size-woocommerce_thumbnail\" alt=\"Crema Facial Efecto Anti Age Nutritiva Collage x 500\" decoding=\"async\" loading=\"lazy\" \/><\/div>\n\t\t\t\t\t<div class=\"wc-block-grid__product-title\">Crema Facial Efecto Anti Age Nutritiva Collage x 500<\/div>\n\t\t\t\t<\/a>\n\t\t\t\t<div class=\"wc-block-grid__product-price price\"><span class=\"woocommerce-Price-amount amount\"><span class=\"woocommerce-Price-currencySymbol\">&#036;<\/span>&nbsp;14.900,00<\/span><\/div>\n\t\t\t\t\n\t\t\t\t<div class=\"wp-block-button wc-block-grid__product-add-to-cart\"><a href=\"?add-to-cart=3311\" aria-label=\"A\u00f1ade &ldquo;Crema Facial Efecto Anti Age Nutritiva Collage x 500&rdquo; a tu carrito\" data-quantity=\"1\" data-product_id=\"3311\" data-product_sku=\"\" rel=\"nofollow\" class=\"wp-block-button__link  add_to_cart_button ajax_add_to_cart\">A\u00f1adir al carrito<\/a><\/div>\n\t\t\t<\/li><\/ul><\/div><\/div><\/div><\/div>\n<\/div><\/div>\n","protected":false},"excerpt":{"rendered":"","protected":false},"author":1,"featured_media":0,"parent":0,"menu_order":0,"comment_status":"closed","ping_status":"closed","template":"","meta":{"footnotes":""},"blocksy_meta":"","featured_image_urls":{"full":"","thumbnail":"","medium":"","medium_large":"","large":"","1536x1536":"","2048x2048":"","mailpoet_newsletter_max":"","woocommerce_thumbnail":"","woocommerce_single":"","woocommerce_gallery_thumbnail":"","dgwt-wcas-product-suggestion":""},"post_excerpt_stackable":"<p>B\u00fasqueda de productos Collage Gel De Limpieza Detox Bitter Orange 500g &#036;&nbsp;9.600,00 A\u00f1adir al carrito Agua Micelar Triple Acci\u00f3n De Collage X500ml &#036;&nbsp;9.500,00 A\u00f1adir al carrito Desmaquillante Bifasico De Ojos Y Labios Collage 125ml &#036;&nbsp;7.000,00 A\u00f1adir al carrito Collage Aceite Para Masajes Sativa Relajante &amp; Hidratante &#036;&nbsp;24.800,00 A\u00f1adir al carrito Aceite Neutro Para Masajes Collage 500cc. &#036;&nbsp;13.100,00 A\u00f1adir al carrito Aceite Masajes Espiritu Sereno Collage Maderoterapia 500ml &#036;&nbsp;13.100,00 A\u00f1adir al carrito Aceite Para Masajes Oleo De Melisa 500gr Collage &#036;&nbsp;13.100,00 A\u00f1adir al carrito Crema Facial Efecto Anti Age Nutritiva Collage x 500 &#036;&nbsp;14.900,00 A\u00f1adir al carrito<\/p>\n","category_list":"","author_info":{"name":"CCG","url":"https:\/\/ccgdistribuidora.com\/index.php\/author\/ccgdistribuidora17gmail-com\/"},"comments_num":"0 comentarios","_links":{"self":[{"href":"https:\/\/ccgdistribuidora.com\/index.php\/wp-json\/wp\/v2\/pages\/3569"}],"collection":[{"href":"https:\/\/ccgdistribuidora.com\/index.php\/wp-json\/wp\/v2\/pages"}],"about":[{"href":"https:\/\/ccgdistribuidora.com\/index.php\/wp-json\/wp\/v2\/types\/page"}],"author":[{"embeddable":true,"href":"https:\/\/ccgdistribuidora.com\/index.php\/wp-json\/wp\/v2\/users\/1"}],"replies":[{"embeddable":true,"href":"https:\/\/ccgdistribuidora.com\/index.php\/wp-json\/wp\/v2\/comments?post=3569"}],"version-history":[{"count":7,"href":"https:\/\/ccgdistribuidora.com\/index.php\/wp-json\/wp\/v2\/pages\/3569\/revisions"}],"predecessor-version":[{"id":4941,"href":"https:\/\/ccgdistribuidora.com\/index.php\/wp-json\/wp\/v2\/pages\/3569\/revisions\/4941"}],"wp:attachment":[{"href":"https:\/\/ccgdistribuidora.com\/index.php\/wp-json\/wp\/v2\/media?parent=3569"}],"curies":[{"name":"wp","href":"https:\/\/api.w.org\/{rel}","templated":true}]}}