{"id":3547,"date":"2023-03-13T19:43:50","date_gmt":"2023-03-13T22:43:50","guid":{"rendered":"https:\/\/ccgdistribuidora.com\/?page_id=3547"},"modified":"2023-05-04T16:27:16","modified_gmt":"2023-05-04T19:27:16","slug":"capilar","status":"publish","type":"page","link":"https:\/\/ccgdistribuidora.com\/index.php\/capilar\/","title":{"rendered":"Capilar"},"content":{"rendered":"\n<div class=\"wp-block-stackable-columns stk-block-columns stk-block stk-7dde753\" data-block-id=\"7dde753\"><div class=\"stk-row stk-inner-blocks stk-block-content stk-content-align stk-7dde753-column\">\n<div class=\"wp-block-stackable-column stk-block-column stk-block-column--v3 stk-column stk-block-column--v2 stk-block stk-2f837cc\" data-block-id=\"2f837cc\"><div class=\"stk-column-wrapper stk-block-column__content stk-container stk-2f837cc-container stk--no-background stk--no-padding\"><div class=\"stk-block-content stk-inner-blocks stk-2f837cc-inner-blocks\"><div  class=\"dgwt-wcas-search-wrapp dgwt-wcas-has-submit woocommerce dgwt-wcas-style-pirx js-dgwt-wcas-layout-classic dgwt-wcas-layout-classic js-dgwt-wcas-mobile-overlay-enabled\">\n\t\t<form class=\"dgwt-wcas-search-form\" role=\"search\" action=\"https:\/\/ccgdistribuidora.com\/\" method=\"get\">\n\t\t<div class=\"dgwt-wcas-sf-wrapp\">\n\t\t\t\t\t\t<label class=\"screen-reader-text\"\n\t\t\t       for=\"dgwt-wcas-search-input-1\">B\u00fasqueda de productos<\/label>\n\n\t\t\t<input id=\"dgwt-wcas-search-input-1\"\n\t\t\t       type=\"search\"\n\t\t\t       class=\"dgwt-wcas-search-input\"\n\t\t\t       name=\"s\"\n\t\t\t       value=\"\"\n\t\t\t\t   placeholder=\"Buscar...\"\n\t\t\t       autocomplete=\"off\"\n\t\t\t\t   \t\t\t\/>\n\t\t\t<div class=\"dgwt-wcas-preloader\"><\/div>\n\n\t\t\t<div class=\"dgwt-wcas-voice-search\"><\/div>\n\n\t\t\t\t\t\t\t<button type=\"submit\"\n\t\t\t\t        aria-label=\"Buscar\"\n\t\t\t\t        class=\"dgwt-wcas-search-submit\">\t\t\t\t<svg class=\"dgwt-wcas-ico-magnifier\" xmlns=\"http:\/\/www.w3.org\/2000\/svg\" width=\"18\" height=\"18\" viewBox=\"0 0 18 18\">\n\t\t\t\t\t<path  d=\" M 16.722523,17.901412 C 16.572585,17.825208 15.36088,16.670476 14.029846,15.33534 L 11.609782,12.907819 11.01926,13.29667 C 8.7613237,14.783493 5.6172703,14.768302 3.332423,13.259528 -0.07366363,11.010358 -1.0146502,6.5989684 1.1898146,3.2148776\n\t\t\t\t\t\t  1.5505179,2.6611594 2.4056498,1.7447266 2.9644271,1.3130497 3.4423015,0.94387379 4.3921825,0.48568469 5.1732652,0.2475835 5.886299,0.03022609 6.1341883,0 7.2037391,0 8.2732897,0 8.521179,0.03022609 9.234213,0.2475835 c 0.781083,0.23810119 1.730962,0.69629029 2.208837,1.0654662\n\t\t\t\t\t\t  0.532501,0.4113763 1.39922,1.3400096 1.760153,1.8858877 1.520655,2.2998531 1.599025,5.3023778 0.199549,7.6451086 -0.208076,0.348322 -0.393306,0.668209 -0.411622,0.710863 -0.01831,0.04265 1.065556,1.18264 2.408603,2.533307 1.343046,1.350666 2.486621,2.574792 2.541278,2.720279 0.282475,0.7519\n\t\t\t\t\t\t  -0.503089,1.456506 -1.218488,1.092917 z M 8.4027892,12.475062 C 9.434946,12.25579 10.131043,11.855461 10.99416,10.984753 11.554519,10.419467 11.842507,10.042366 12.062078,9.5863882 12.794223,8.0659672 12.793657,6.2652398 12.060578,4.756293 11.680383,3.9737304 10.453587,2.7178427\n\t\t\t\t\t\t  9.730569,2.3710306 8.6921295,1.8729196 8.3992147,1.807606 7.2037567,1.807606 6.0082984,1.807606 5.7153841,1.87292 4.6769446,2.3710306 3.9539263,2.7178427 2.7271301,3.9737304 2.3469352,4.756293 1.6138384,6.2652398 1.6132726,8.0659672 2.3454252,9.5863882 c 0.4167354,0.8654208 1.5978784,2.0575608\n\t\t\t\t\t\t  2.4443766,2.4671358 1.0971012,0.530827 2.3890403,0.681561 3.6130134,0.421538 z\n\t\t\t\t\t\"\/>\n\t\t\t\t<\/svg>\n\t\t\t\t<\/button>\n\t\t\t\n\t\t\t<input type=\"hidden\" name=\"post_type\" value=\"product\"\/>\n\t\t\t<input type=\"hidden\" name=\"dgwt_wcas\" value=\"1\"\/>\n\n\t\t\t\n\t\t\t\t\t<\/div>\n\t<\/form>\n<\/div>\n\n<\/div><\/div><\/div>\n<\/div><\/div>\n\n\n\n<div class=\"wp-block-stackable-columns stk-block-columns stk-block stk-dacfe32\" data-block-id=\"dacfe32\"><div class=\"stk-row stk-inner-blocks stk-block-content stk-content-align stk-dacfe32-column\">\n<div class=\"wp-block-stackable-column stk-block-column stk-block-column--v3 stk-column stk-block-column--v2 stk-block stk-e7bd9cb\" data-block-id=\"e7bd9cb\"><div class=\"stk-column-wrapper stk-block-column__content stk-container stk-e7bd9cb-container stk--no-background stk--no-padding\"><div class=\"stk-block-content stk-inner-blocks stk-e7bd9cb-inner-blocks\"><div data-block-name=\"woocommerce\/product-category\" data-columns=\"4\" data-content-visibility=\"{&quot;image&quot;:true,&quot;title&quot;:true,&quot;price&quot;:true,&quot;rating&quot;:true,&quot;button&quot;:true}\" data-categories=\"[222]\" data-stock-status=\"[&quot;instock&quot;,&quot;outofstock&quot;,&quot;onbackorder&quot;]\" class=\"wc-block-grid wp-block-product-category wc-block-product-category has-4-columns has-multiple-rows\"><ul class=\"wc-block-grid__products\"><li class=\"wc-block-grid__product\">\n\t\t\t\t<a href=\"https:\/\/ccgdistribuidora.com\/index.php\/product\/secador-de-pelo-yl3500a-belprof-profesional-1800w\/\" class=\"wc-block-grid__product-link\">\n\t\t\t\t\t\n\t\t\t\t\t<div class=\"wc-block-grid__product-image\"><img width=\"300\" height=\"400\" src=\"https:\/\/ccgdistribuidora.com\/wp-content\/uploads\/2023\/07\/Secador-De-Pelo-YL3500A-Belprof-Profesional-1800w-300x400.jpg\" class=\"attachment-woocommerce_thumbnail size-woocommerce_thumbnail\" alt=\"Secador De Pelo YL3500A Belprof Profesional 1800w\" decoding=\"async\" loading=\"lazy\" \/><\/div>\n\t\t\t\t\t<div class=\"wc-block-grid__product-title\">Secador De Pelo YL3500A Belprof Profesional 1800w<\/div>\n\t\t\t\t<\/a>\n\t\t\t\t<div class=\"wc-block-grid__product-price price\"><span class=\"woocommerce-Price-amount amount\"><span class=\"woocommerce-Price-currencySymbol\">&#036;<\/span>&nbsp;71.400,00<\/span><\/div>\n\t\t\t\t\n\t\t\t\t<div class=\"wp-block-button wc-block-grid__product-add-to-cart\"><a href=\"?add-to-cart=5293\" aria-label=\"A\u00f1ade &ldquo;Secador De Pelo YL3500A Belprof Profesional 1800w&rdquo; a tu carrito\" data-quantity=\"1\" data-product_id=\"5293\" data-product_sku=\"\" rel=\"nofollow\" class=\"wp-block-button__link  add_to_cart_button ajax_add_to_cart\">A\u00f1adir al carrito<\/a><\/div>\n\t\t\t<\/li><li class=\"wc-block-grid__product\">\n\t\t\t\t<a href=\"https:\/\/ccgdistribuidora.com\/index.php\/product\/secador-profesional-super-compact-ionic-belprof\/\" class=\"wc-block-grid__product-link\">\n\t\t\t\t\t\n\t\t\t\t\t<div class=\"wc-block-grid__product-image\"><img width=\"300\" height=\"400\" src=\"https:\/\/ccgdistribuidora.com\/wp-content\/uploads\/2023\/07\/Secador-profesional-Super-Compact-Ionic-BELPROF-300x400.jpg\" class=\"attachment-woocommerce_thumbnail size-woocommerce_thumbnail\" alt=\"Secador profesional Super Compact Ionic BELPROF\" decoding=\"async\" loading=\"lazy\" \/><\/div>\n\t\t\t\t\t<div class=\"wc-block-grid__product-title\">Secador profesional Super Compact Ionic BELPROF<\/div>\n\t\t\t\t<\/a>\n\t\t\t\t<div class=\"wc-block-grid__product-price price\"><span class=\"woocommerce-Price-amount amount\"><span class=\"woocommerce-Price-currencySymbol\">&#036;<\/span>&nbsp;59.700,00<\/span><\/div>\n\t\t\t\t\n\t\t\t\t<div class=\"wp-block-button wc-block-grid__product-add-to-cart\"><a href=\"?add-to-cart=5290\" aria-label=\"A\u00f1ade &ldquo;Secador profesional Super Compact Ionic BELPROF&rdquo; a tu carrito\" data-quantity=\"1\" data-product_id=\"5290\" data-product_sku=\"\" rel=\"nofollow\" class=\"wp-block-button__link  add_to_cart_button ajax_add_to_cart\">A\u00f1adir al carrito<\/a><\/div>\n\t\t\t<\/li><li class=\"wc-block-grid__product\">\n\t\t\t\t<a href=\"https:\/\/ccgdistribuidora.com\/index.php\/product\/planchita-para-pelo-profesional-vanta-400-plancha-cabello\/\" class=\"wc-block-grid__product-link\">\n\t\t\t\t\t\n\t\t\t\t\t<div class=\"wc-block-grid__product-image\"><img width=\"300\" height=\"400\" src=\"https:\/\/ccgdistribuidora.com\/wp-content\/uploads\/2023\/07\/Planchita-Para-Pelo-Profesional-Vanta-400-Plancha-Cabello-300x400.jpg\" class=\"attachment-woocommerce_thumbnail size-woocommerce_thumbnail\" alt=\"Planchita Para Pelo Profesional Vanta 400 Plancha Cabello\" decoding=\"async\" loading=\"lazy\" \/><\/div>\n\t\t\t\t\t<div class=\"wc-block-grid__product-title\">Planchita Para Pelo Profesional Vanta 400 Plancha Cabello<\/div>\n\t\t\t\t<\/a>\n\t\t\t\t<div class=\"wc-block-grid__product-price price\"><span class=\"woocommerce-Price-amount amount\"><span class=\"woocommerce-Price-currencySymbol\">&#036;<\/span>&nbsp;72.000,00<\/span><\/div>\n\t\t\t\t\n\t\t\t\t<div class=\"wp-block-button wc-block-grid__product-add-to-cart\"><a href=\"?add-to-cart=5218\" aria-label=\"A\u00f1ade &ldquo;Planchita Para Pelo Profesional Vanta 400 Plancha Cabello&rdquo; a tu carrito\" data-quantity=\"1\" data-product_id=\"5218\" data-product_sku=\"\" rel=\"nofollow\" class=\"wp-block-button__link  add_to_cart_button ajax_add_to_cart\">A\u00f1adir al carrito<\/a><\/div>\n\t\t\t<\/li><li class=\"wc-block-grid__product\">\n\t\t\t\t<a href=\"https:\/\/ccgdistribuidora.com\/index.php\/product\/secador-de-pelo-profesional-vanta-3500-premium-1800-watts\/\" class=\"wc-block-grid__product-link\">\n\t\t\t\t\t\n\t\t\t\t\t<div class=\"wc-block-grid__product-image\"><img width=\"300\" height=\"400\" src=\"https:\/\/ccgdistribuidora.com\/wp-content\/uploads\/2023\/07\/Secador-De-Pelo-Profesional-Vanta-3500-Premium-1800-Watts-300x400.jpg\" class=\"attachment-woocommerce_thumbnail size-woocommerce_thumbnail\" alt=\"Secador De Pelo Profesional Vanta 3500 Premium 1800 Watts\" decoding=\"async\" loading=\"lazy\" \/><\/div>\n\t\t\t\t\t<div class=\"wc-block-grid__product-title\">Secador De Pelo Profesional Vanta 3500 Premium 1800 Watts<\/div>\n\t\t\t\t<\/a>\n\t\t\t\t<div class=\"wc-block-grid__product-price price\"><span class=\"woocommerce-Price-amount amount\"><span class=\"woocommerce-Price-currencySymbol\">&#036;<\/span>&nbsp;72.000,00<\/span><\/div>\n\t\t\t\t\n\t\t\t\t<div class=\"wp-block-button wc-block-grid__product-add-to-cart\"><a href=\"?add-to-cart=5215\" aria-label=\"A\u00f1ade &ldquo;Secador De Pelo Profesional Vanta 3500 Premium 1800 Watts&rdquo; a tu carrito\" data-quantity=\"1\" data-product_id=\"5215\" data-product_sku=\"\" rel=\"nofollow\" class=\"wp-block-button__link  add_to_cart_button ajax_add_to_cart\">A\u00f1adir al carrito<\/a><\/div>\n\t\t\t<\/li><li class=\"wc-block-grid__product\">\n\t\t\t\t<a href=\"https:\/\/ccgdistribuidora.com\/index.php\/product\/paleta-mechas-reflejos-peluqueria-color-balayage-harpt54039\/\" class=\"wc-block-grid__product-link\">\n\t\t\t\t\t\n\t\t\t\t\t<div class=\"wc-block-grid__product-image\"><img width=\"300\" height=\"400\" src=\"https:\/\/ccgdistribuidora.com\/wp-content\/uploads\/2023\/07\/Paleta-Mechas-Reflejos-Peluqueria-Color-Balayage-300x400.jpg\" class=\"attachment-woocommerce_thumbnail size-woocommerce_thumbnail\" alt=\"Paleta Mechas Reflejos Peluqueria Color Balayage HARPT54039\" decoding=\"async\" loading=\"lazy\" \/><\/div>\n\t\t\t\t\t<div class=\"wc-block-grid__product-title\">Paleta Mechas Reflejos Peluqueria Color Balayage HARPT54039<\/div>\n\t\t\t\t<\/a>\n\t\t\t\t<div class=\"wc-block-grid__product-price price\"><span class=\"woocommerce-Price-amount amount\"><span class=\"woocommerce-Price-currencySymbol\">&#036;<\/span>&nbsp;1.400,00<\/span><\/div>\n\t\t\t\t\n\t\t\t\t<div class=\"wp-block-button wc-block-grid__product-add-to-cart\"><a href=\"?add-to-cart=5203\" aria-label=\"A\u00f1ade &ldquo;Paleta Mechas Reflejos Peluqueria Color Balayage HARPT54039&rdquo; a tu carrito\" data-quantity=\"1\" data-product_id=\"5203\" data-product_sku=\"\" rel=\"nofollow\" class=\"wp-block-button__link  add_to_cart_button ajax_add_to_cart\">A\u00f1adir al carrito<\/a><\/div>\n\t\t\t<\/li><li class=\"wc-block-grid__product\">\n\t\t\t\t<a href=\"https:\/\/ccgdistribuidora.com\/index.php\/product\/highlights-bandas-termicas-x36-unidades-harpr08001\/\" class=\"wc-block-grid__product-link\">\n\t\t\t\t\t\n\t\t\t\t\t<div class=\"wc-block-grid__product-image\"><img width=\"300\" height=\"400\" src=\"https:\/\/ccgdistribuidora.com\/wp-content\/uploads\/2023\/06\/1-300x400.jpg\" class=\"attachment-woocommerce_thumbnail size-woocommerce_thumbnail\" alt=\"Highlights Bandas Termicas X36 Unidades (HARPR08001)\" decoding=\"async\" loading=\"lazy\" \/><\/div>\n\t\t\t\t\t<div class=\"wc-block-grid__product-title\">Highlights Bandas Termicas X36 Unidades (HARPR08001)<\/div>\n\t\t\t\t<\/a>\n\t\t\t\t<div class=\"wc-block-grid__product-price price\"><span class=\"woocommerce-Price-amount amount\"><span class=\"woocommerce-Price-currencySymbol\">&#036;<\/span>&nbsp;3.300,00<\/span><\/div>\n\t\t\t\t\n\t\t\t\t<div class=\"wp-block-button wc-block-grid__product-add-to-cart\"><a href=\"?add-to-cart=5179\" aria-label=\"A\u00f1ade &ldquo;Highlights Bandas Termicas X36 Unidades (HARPR08001)&rdquo; a tu carrito\" data-quantity=\"1\" data-product_id=\"5179\" data-product_sku=\"\" rel=\"nofollow\" class=\"wp-block-button__link  add_to_cart_button ajax_add_to_cart\">A\u00f1adir al carrito<\/a><\/div>\n\t\t\t<\/li><li class=\"wc-block-grid__product\">\n\t\t\t\t<a href=\"https:\/\/ccgdistribuidora.com\/index.php\/product\/secador-de-pelo-kawa-sapphire-9100-fucsia-220v\/\" class=\"wc-block-grid__product-link\">\n\t\t\t\t\t\n\t\t\t\t\t<div class=\"wc-block-grid__product-image\"><img width=\"300\" height=\"400\" src=\"https:\/\/ccgdistribuidora.com\/wp-content\/uploads\/2023\/05\/Secador-de-pelo-Kawa-Sapphire-9100-fucsia-220V-300x400.jpg\" class=\"attachment-woocommerce_thumbnail size-woocommerce_thumbnail\" alt=\"Secador de pelo Kawa Sapphire 9100 fucsia 220V\" decoding=\"async\" loading=\"lazy\" \/><\/div>\n\t\t\t\t\t<div class=\"wc-block-grid__product-title\">Secador de pelo Kawa Sapphire 9100 fucsia 220V<\/div>\n\t\t\t\t<\/a>\n\t\t\t\t<div class=\"wc-block-grid__product-price price\"><span class=\"woocommerce-Price-amount amount\"><span class=\"woocommerce-Price-currencySymbol\">&#036;<\/span>&nbsp;95.000,00<\/span><\/div>\n\t\t\t\t\n\t\t\t\t<div class=\"wp-block-button wc-block-grid__product-add-to-cart\"><a href=\"?add-to-cart=5118\" aria-label=\"A\u00f1ade &ldquo;Secador de pelo Kawa Sapphire 9100 fucsia 220V&rdquo; a tu carrito\" data-quantity=\"1\" data-product_id=\"5118\" data-product_sku=\"\" rel=\"nofollow\" class=\"wp-block-button__link  add_to_cart_button ajax_add_to_cart\">A\u00f1adir al carrito<\/a><\/div>\n\t\t\t<\/li><li class=\"wc-block-grid__product\">\n\t\t\t\t<a href=\"https:\/\/ccgdistribuidora.com\/index.php\/product\/tintura-alfaparf-evolution-x-60-grs\/\" class=\"wc-block-grid__product-link\">\n\t\t\t\t\t\n\t\t\t\t\t<div class=\"wc-block-grid__product-image\"><img width=\"300\" height=\"400\" src=\"https:\/\/ccgdistribuidora.com\/wp-content\/uploads\/2023\/05\/Tintura-Alfa-Parf-Alfaparf-Evolution-X-60-Grs-300x400.jpg\" class=\"attachment-woocommerce_thumbnail size-woocommerce_thumbnail\" alt=\"Tintura  Alfaparf Evolution X 60 Grs\" decoding=\"async\" loading=\"lazy\" \/><\/div>\n\t\t\t\t\t<div class=\"wc-block-grid__product-title\">Tintura  Alfaparf Evolution X 60 Grs<\/div>\n\t\t\t\t<\/a>\n\t\t\t\t<div class=\"wc-block-grid__product-price price\"><\/div>\n\t\t\t\t\n\t\t\t\t<div class=\"wp-block-button wc-block-grid__product-add-to-cart\"><a href=\"https:\/\/ccgdistribuidora.com\/index.php\/product\/tintura-alfaparf-evolution-x-60-grs\/\" aria-label=\"Lee m\u00e1s sobre &ldquo;Tintura  Alfaparf Evolution X 60 Grs&rdquo;\" data-quantity=\"1\" data-product_id=\"5038\" data-product_sku=\"\" rel=\"nofollow\" class=\"wp-block-button__link  add_to_cart_button\">Leer m\u00e1s<\/a><\/div>\n\t\t\t<\/li><li class=\"wc-block-grid__product\">\n\t\t\t\t<a href=\"https:\/\/ccgdistribuidora.com\/index.php\/product\/tecnoliss-kit-paso-2-y-3-1000cc\/\" class=\"wc-block-grid__product-link\">\n\t\t\t\t\t\n\t\t\t\t\t<div class=\"wc-block-grid__product-image\"><img width=\"300\" height=\"400\" src=\"https:\/\/ccgdistribuidora.com\/wp-content\/uploads\/2023\/05\/Tecnoliss-Kit-Paso-2-Y-3-1000cc-300x400.jpg\" class=\"attachment-woocommerce_thumbnail size-woocommerce_thumbnail\" alt=\"Tecnoliss Kit Paso 2 Y 3 1000cc\" decoding=\"async\" loading=\"lazy\" \/><\/div>\n\t\t\t\t\t<div class=\"wc-block-grid__product-title\">Tecnoliss Kit Paso 2 Y 3 1000cc<\/div>\n\t\t\t\t<\/a>\n\t\t\t\t<div class=\"wc-block-grid__product-price price\"><span class=\"woocommerce-Price-amount amount\"><span class=\"woocommerce-Price-currencySymbol\">&#036;<\/span>&nbsp;25.950,00<\/span><\/div>\n\t\t\t\t\n\t\t\t\t<div class=\"wp-block-button wc-block-grid__product-add-to-cart\"><a href=\"?add-to-cart=5033\" aria-label=\"A\u00f1ade &ldquo;Tecnoliss Kit Paso 2 Y 3 1000cc&rdquo; a tu carrito\" data-quantity=\"1\" data-product_id=\"5033\" data-product_sku=\"\" rel=\"nofollow\" class=\"wp-block-button__link  add_to_cart_button ajax_add_to_cart\">A\u00f1adir al carrito<\/a><\/div>\n\t\t\t<\/li><li class=\"wc-block-grid__product\">\n\t\t\t\t<a href=\"https:\/\/ccgdistribuidora.com\/index.php\/product\/tecnoliss-kit-paso-1-2-y-3-1000cc\/\" class=\"wc-block-grid__product-link\">\n\t\t\t\t\t\n\t\t\t\t\t<div class=\"wc-block-grid__product-image\"><img width=\"300\" height=\"400\" src=\"https:\/\/ccgdistribuidora.com\/wp-content\/uploads\/2023\/05\/Tecnoliss-Kit-Paso-1-2-Y-3-1000cc-300x400.jpg\" class=\"attachment-woocommerce_thumbnail size-woocommerce_thumbnail\" alt=\"Tecnoliss, Kit ,Paso, 1, 2 Y 3 ,1000cc\" decoding=\"async\" loading=\"lazy\" \/><\/div>\n\t\t\t\t\t<div class=\"wc-block-grid__product-title\">Tecnoliss, Kit ,Paso, 1, 2 Y 3 ,1000cc<\/div>\n\t\t\t\t<\/a>\n\t\t\t\t<div class=\"wc-block-grid__product-price price\"><span class=\"woocommerce-Price-amount amount\"><span class=\"woocommerce-Price-currencySymbol\">&#036;<\/span>&nbsp;28.800,00<\/span><\/div>\n\t\t\t\t\n\t\t\t\t<div class=\"wp-block-button wc-block-grid__product-add-to-cart\"><a href=\"?add-to-cart=5031\" aria-label=\"A\u00f1ade &ldquo;Tecnoliss, Kit ,Paso, 1, 2 Y 3 ,1000cc&rdquo; a tu carrito\" data-quantity=\"1\" data-product_id=\"5031\" data-product_sku=\"\" rel=\"nofollow\" class=\"wp-block-button__link  add_to_cart_button ajax_add_to_cart\">A\u00f1adir al carrito<\/a><\/div>\n\t\t\t<\/li><li class=\"wc-block-grid__product\">\n\t\t\t\t<a href=\"https:\/\/ccgdistribuidora.com\/index.php\/product\/tecno-liss-hialuron-plastificado1000cc\/\" class=\"wc-block-grid__product-link\">\n\t\t\t\t\t\n\t\t\t\t\t<div class=\"wc-block-grid__product-image\"><img width=\"300\" height=\"400\" src=\"https:\/\/ccgdistribuidora.com\/wp-content\/uploads\/2023\/05\/Hilaurion-Plastificado-1000cc-300x400.jpg\" class=\"attachment-woocommerce_thumbnail size-woocommerce_thumbnail\" alt=\"TECNO-LISS, HIALUR\u00d3N ,PLASTIFICADO,1000cc\" decoding=\"async\" loading=\"lazy\" \/><\/div>\n\t\t\t\t\t<div class=\"wc-block-grid__product-title\">TECNO-LISS, HIALUR\u00d3N ,PLASTIFICADO,1000cc<\/div>\n\t\t\t\t<\/a>\n\t\t\t\t<div class=\"wc-block-grid__product-price price\"><span class=\"woocommerce-Price-amount amount\"><span class=\"woocommerce-Price-currencySymbol\">&#036;<\/span>&nbsp;24.500,00<\/span><\/div>\n\t\t\t\t\n\t\t\t\t<div class=\"wp-block-button wc-block-grid__product-add-to-cart\"><a href=\"?add-to-cart=5029\" aria-label=\"A\u00f1ade &ldquo;TECNO-LISS, HIALUR\u00d3N ,PLASTIFICADO,1000cc&rdquo; a tu carrito\" data-quantity=\"1\" data-product_id=\"5029\" data-product_sku=\"\" rel=\"nofollow\" class=\"wp-block-button__link  add_to_cart_button ajax_add_to_cart\">A\u00f1adir al carrito<\/a><\/div>\n\t\t\t<\/li><li class=\"wc-block-grid__product\">\n\t\t\t\t<a href=\"https:\/\/ccgdistribuidora.com\/index.php\/product\/trataminto-botox-x-1-kg-splash-x-200-fresh-tecno-liss\/\" class=\"wc-block-grid__product-link\">\n\t\t\t\t\t\n\t\t\t\t\t<div class=\"wc-block-grid__product-image\"><img width=\"300\" height=\"400\" src=\"https:\/\/ccgdistribuidora.com\/wp-content\/uploads\/2023\/05\/CREMA-BOTOX-x-1-KG-SPLASH-x-200-FRESH-300x400.jpg\" class=\"attachment-woocommerce_thumbnail size-woocommerce_thumbnail\" alt=\"TRATAMINTO, BOTOX x 1 KG + SPLASH x 200 FRESH ,Tecno-Liss\" decoding=\"async\" loading=\"lazy\" \/><\/div>\n\t\t\t\t\t<div class=\"wc-block-grid__product-title\">TRATAMINTO, BOTOX x 1 KG + SPLASH x 200 FRESH ,Tecno-Liss<\/div>\n\t\t\t\t<\/a>\n\t\t\t\t<div class=\"wc-block-grid__product-price price\"><span class=\"woocommerce-Price-amount amount\"><span class=\"woocommerce-Price-currencySymbol\">&#036;<\/span>&nbsp;19.900,00<\/span><\/div>\n\t\t\t\t\n\t\t\t\t<div class=\"wp-block-button wc-block-grid__product-add-to-cart\"><a href=\"?add-to-cart=5027\" aria-label=\"A\u00f1ade &ldquo;TRATAMINTO, BOTOX x 1 KG + SPLASH x 200 FRESH ,Tecno-Liss&rdquo; a tu carrito\" data-quantity=\"1\" data-product_id=\"5027\" data-product_sku=\"\" rel=\"nofollow\" class=\"wp-block-button__link  add_to_cart_button ajax_add_to_cart\">A\u00f1adir al carrito<\/a><\/div>\n\t\t\t<\/li><\/ul><\/div><\/div><\/div><\/div>\n<\/div><\/div>\n","protected":false},"excerpt":{"rendered":"","protected":false},"author":1,"featured_media":0,"parent":0,"menu_order":0,"comment_status":"closed","ping_status":"closed","template":"","meta":{"footnotes":""},"blocksy_meta":"","featured_image_urls":{"full":"","thumbnail":"","medium":"","medium_large":"","large":"","1536x1536":"","2048x2048":"","mailpoet_newsletter_max":"","woocommerce_thumbnail":"","woocommerce_single":"","woocommerce_gallery_thumbnail":"","dgwt-wcas-product-suggestion":""},"post_excerpt_stackable":"<p>B\u00fasqueda de productos Secador De Pelo YL3500A Belprof Profesional 1800w &#036;&nbsp;71.400,00 A\u00f1adir al carrito Secador profesional Super Compact Ionic BELPROF &#036;&nbsp;59.700,00 A\u00f1adir al carrito Planchita Para Pelo Profesional Vanta 400 Plancha Cabello &#036;&nbsp;72.000,00 A\u00f1adir al carrito Secador De Pelo Profesional Vanta 3500 Premium 1800 Watts &#036;&nbsp;72.000,00 A\u00f1adir al carrito Paleta Mechas Reflejos Peluqueria Color Balayage HARPT54039 &#036;&nbsp;1.400,00 A\u00f1adir al carrito Highlights Bandas Termicas X36 Unidades (HARPR08001) &#036;&nbsp;3.300,00 A\u00f1adir al carrito Secador de pelo Kawa Sapphire 9100 fucsia 220V &#036;&nbsp;95.000,00 A\u00f1adir al carrito Tintura Alfaparf Evolution X 60 Grs Leer m\u00e1s Tecnoliss Kit Paso 2 Y 3 1000cc &#036;&nbsp;25.950,00 A\u00f1adir al&hellip;<\/p>\n","category_list":"","author_info":{"name":"CCG","url":"https:\/\/ccgdistribuidora.com\/index.php\/author\/ccgdistribuidora17gmail-com\/"},"comments_num":"0 comentarios","_links":{"self":[{"href":"https:\/\/ccgdistribuidora.com\/index.php\/wp-json\/wp\/v2\/pages\/3547"}],"collection":[{"href":"https:\/\/ccgdistribuidora.com\/index.php\/wp-json\/wp\/v2\/pages"}],"about":[{"href":"https:\/\/ccgdistribuidora.com\/index.php\/wp-json\/wp\/v2\/types\/page"}],"author":[{"embeddable":true,"href":"https:\/\/ccgdistribuidora.com\/index.php\/wp-json\/wp\/v2\/users\/1"}],"replies":[{"embeddable":true,"href":"https:\/\/ccgdistribuidora.com\/index.php\/wp-json\/wp\/v2\/comments?post=3547"}],"version-history":[{"count":23,"href":"https:\/\/ccgdistribuidora.com\/index.php\/wp-json\/wp\/v2\/pages\/3547\/revisions"}],"predecessor-version":[{"id":4939,"href":"https:\/\/ccgdistribuidora.com\/index.php\/wp-json\/wp\/v2\/pages\/3547\/revisions\/4939"}],"wp:attachment":[{"href":"https:\/\/ccgdistribuidora.com\/index.php\/wp-json\/wp\/v2\/media?parent=3547"}],"curies":[{"name":"wp","href":"https:\/\/api.w.org\/{rel}","templated":true}]}}